{"id":3787,"date":"2020-06-17T08:02:57","date_gmt":"2020-06-17T08:02:57","guid":{"rendered":"https:\/\/powerlift.qodeinteractive.com\/elementor\/?page_id=3787"},"modified":"2026-01-09T08:47:13","modified_gmt":"2026-01-09T07:47:13","slug":"o-nas","status":"publish","type":"page","link":"https:\/\/kh90football.com\/index.php\/o-nas\/","title":{"rendered":"O NAS"},"content":{"rendered":"<p><img fetchpriority=\"high\" decoding=\"async\" width=\"1024\" height=\"853\" src=\"https:\/\/kh90football.com\/wp-content\/uploads\/2021\/02\/1-1-1024x853.jpg\" alt=\"\" srcset=\"https:\/\/kh90football.com\/wp-content\/uploads\/2021\/02\/1-1-1024x853.jpg 1024w, https:\/\/kh90football.com\/wp-content\/uploads\/2021\/02\/1-1-300x250.jpg 300w, https:\/\/kh90football.com\/wp-content\/uploads\/2021\/02\/1-1-768x640.jpg 768w, https:\/\/kh90football.com\/wp-content\/uploads\/2021\/02\/1-1.jpg 1200w\" sizes=\"(max-width: 1024px) 100vw, 1024px\" \/>\t\t\t\t\t\t\t\t\t\t\t\t\t\t\t<\/p>\n<p style=\"margin-top: 0px; position: relative; line-height: 28px; font-family: Raleway, sans-serif; font-size: 16px; background-color: #ffffff;\">KH90 Football &#8211; Coaching &amp; Management.&nbsp;Inwestycja w rozw\u00f3j m\u0142odzie\u017cy to droga do sportowego sukcesu od najm\u0142odszych lat. Z profesjonalnym wsparciem naszego zespo\u0142u m\u0142ody pi\u0142karz wyro\u015bnie na zawodowego sportowca!<\/p>\n<p style=\"margin-top: 0px; position: relative; line-height: 28px; font-family: Raleway, sans-serif; font-size: 16px; background-color: #ffffff;\">KH90 Football oferuje szerok\u0105 palet\u0119 trening\u00f3w indywidualnych, dostosowanych do wieku i sprawno\u015bci fizycznej zawodnika. Pocz\u0105wszy od nowoczesnego treningu technicznego, poprzez taktyczny i motoryczny, stopniowo zwi\u0119kszaj\u0105cych zdolno\u015bci fizyczne, po r\u00f3wnie istotny trening mentalny, skupiaj\u0105cy si\u0119 na odpowiednim zrozumieniu \u015bcie\u017cki sportowej przez umys\u0142 m\u0142odego pi\u0142karza.<\/p>\n<p style=\"margin-top: 0px; position: relative; line-height: 28px; font-family: Raleway, sans-serif; font-size: 16px; background-color: #ffffff;\">Jako cz\u0119\u015b\u0107 elementarn\u0105 trening\u00f3w z coachem oferujemy opracowanie specjalnej drogi \u017cywieniowej z konsultacjami dietetycznymi u profesjonalnego dietetyka. Dzi\u0119ki idealnie dobranym sk\u0142adnikom od\u017cywczym i odpowiednio zbilansowanym posi\u0142kom uzyskanie \u015bwietnych wynik\u00f3w stanie si\u0119 tylko kwesti\u0105 czasu.<\/p>\n<p style=\"margin-top: 0px; position: relative; line-height: 28px; font-family: Raleway, sans-serif; font-size: 16px; background-color: #ffffff;\">Nasza dzia\u0142alno\u015b\u0107 to tak\u017ce kompleksowe zarz\u0105dzanie \u015bcie\u017ck\u0105 kariery zawodnika. Rozwa\u017cne doradztwo do\u015bwiadczonego managera i wskazywanie mo\u017cliwych dr\u00f3g rozwoju od szczebla regionalnego po europejski oraz pomoc przy zdobywaniu sponsor\u00f3w i nawi\u0105zywaniu lukratywnych wsp\u00f3\u0142prac stanowi klucz do kariery oraz uzyskiwania tak wa\u017cnej rozpoznawalno\u015bci zawodnika.<\/p>\n<p style=\"margin-top: 0px; position: relative; line-height: 28px; font-family: Raleway, sans-serif; font-size: 16px; background-color: #ffffff;\">Ponadto oferujemy elastyczne konsultacje online, kt\u00f3re \u015bwietnie dope\u0142niaj\u0105 i zacie\u015bniaj\u0105 wsp\u00f3\u0142prac\u0119 mi\u0119dzy trenerem a sportowcem.<\/p>\n<p style=\"margin-top: 0px; position: relative; line-height: 28px; font-family: Raleway, sans-serif; font-size: 16px; background-color: #ffffff;\">Aby odpowiednio wypromowa\u0107 zawodnika oraz jego dru\u017cyn\u0119 oferujemy klubom sportowym pomoc przy zaplanowaniu i transmitowaniu live stream\u00f3w z mecz\u00f3w domowych i wyjazdowych. Dla pe\u0142nej integracji m\u0142odego zespo\u0142u organizujemy tak\u017ce obozy sportowe za granic\u0105 w renomowanych football campach, w kt\u00f3rych trenuj\u0105 najbardziej uwielbiane dru\u017cyny pi\u0142karskie Europy. Nasza dzia\u0142alno\u015b\u0107 wspiera kluby z zakresu scoutingu, aby pom\u00f3c w dokonywaniu przemy\u015blanych i przydatnych transfer\u00f3w.<\/p>\n<p style=\"margin-top: 0px; position: relative; line-height: 28px; font-family: Raleway, sans-serif; font-size: 16px; background-color: #ffffff;\">W naszym zespole znajdziesz prawdziwych pasjonat\u00f3w sportu w osobach trener\u00f3w, dietetyk\u00f3w, psycholog\u00f3w oraz manager\u00f3w kariery z wieloletnim do\u015bwiadczeniem, kt\u00f3rzy z pe\u0142nym zaanga\u017cowaniem podchodz\u0105 do swojej pracy, prezentuj\u0105c m\u0142odym sportowcom pe\u0142ni\u0119 ich mo\u017cliwo\u015bci.<\/p>\n<p>\t\t<img width=\"1200\" height=\"1000\" src=\"https:\/\/kh90football.com\/wp-content\/uploads\/2021\/02\/2-1.jpg\" alt=\"\" decoding=\"async\" srcset=\"https:\/\/kh90football.com\/wp-content\/uploads\/2021\/02\/2-1.jpg 1200w, https:\/\/kh90football.com\/wp-content\/uploads\/2021\/02\/2-1-300x250.jpg 300w, https:\/\/kh90football.com\/wp-content\/uploads\/2021\/02\/2-1-1024x853.jpg 1024w, https:\/\/kh90football.com\/wp-content\/uploads\/2021\/02\/2-1-768x640.jpg 768w\" sizes=\"(max-width: 1200px) 100vw, 1200px\" \/><br \/>\n\t\t\t<a style=\"color: #FFFFFF;font-size: 20px\" href=\"https:\/\/vimeo.com\/511984828\" data-rel=\"prettyPhoto[video_button_pretty_photo_883]\"><br \/>\n\t\t\t\t<svg version=\"1.1\" x=\"0px\" y=\"0px\" width=\"75px\" height=\"75px\"\n\t\t\t\t\tviewBox=\"0 0 75 75\" style=\"enable-background:new 0 0 75 75;\" xml:space=\"preserve\">\n\t\t\t\t<path d=\"M37.5,1C17.3,1,1,17.3,1,37.5S17.3,74,37.5,74S74,57.7,74,37.5S57.6,1,37.5,1z M30.5,50.5v-26l20,13L30.5,50.5z\n\t\t\t\t\t\"\/>\n\t\t\t\t<\/svg><br \/>\n\t\t<\/a><\/p>\n<h1 style=\"color: #FFFFFF\">\n\t\t\t\t\t\t\t\tTRENERZY\t\t\t<\/h1>\n<p style=\"color: #A6A6A6;font-size: 18px;margin-top: 24px\">\n\t\t\t\tNasi trenerzy posiadaj\u0105 licencje UEFA oraz inne dyplomy i certyfikaty podnosz\u0105ce swoje kwalifikacje. Na codzie\u0144 trenerzy pracuj\u0105 w najlepszych akademiach w Warszawie.\t\t\t<\/p>\n<p>                <img width=\"337\" height=\"469\" src=\"https:\/\/kh90football.com\/wp-content\/uploads\/2021\/02\/kz.png\" alt=\"\" decoding=\"async\" srcset=\"https:\/\/kh90football.com\/wp-content\/uploads\/2021\/02\/kz.png 337w, https:\/\/kh90football.com\/wp-content\/uploads\/2021\/02\/kz-216x300.png 216w\" sizes=\"(max-width: 337px) 100vw, 337px\" \/>\t\t\t\t\t\t\t<\/p>\n<h6 style=\"color: #FFFFFF\">Trener przygotowania fizycznego<\/h6>\n<h4 style=\"color: #FFFFFF\">Karol<\/h4>\n<p>                <img loading=\"lazy\" width=\"337\" height=\"469\" src=\"https:\/\/kh90football.com\/wp-content\/uploads\/2021\/01\/pm.png\" alt=\"\" decoding=\"async\" srcset=\"https:\/\/kh90football.com\/wp-content\/uploads\/2021\/01\/pm.png 337w, https:\/\/kh90football.com\/wp-content\/uploads\/2021\/01\/pm-216x300.png 216w\" sizes=\"(max-width: 337px) 100vw, 337px\" \/>\t\t\t\t\t\t\t<\/p>\n<h6 style=\"color: #FFFFFF\">Hipnoterapeuta<\/h6>\n<h4 style=\"color: #FFFFFF\">Piotr<\/h4>\n<p>                <img loading=\"lazy\" width=\"337\" height=\"469\" src=\"https:\/\/kh90football.com\/wp-content\/uploads\/2021\/01\/rw.png\" alt=\"\" decoding=\"async\" srcset=\"https:\/\/kh90football.com\/wp-content\/uploads\/2021\/01\/rw.png 337w, https:\/\/kh90football.com\/wp-content\/uploads\/2021\/01\/rw-216x300.png 216w\" sizes=\"(max-width: 337px) 100vw, 337px\" \/>\t\t\t\t\t\t\t<\/p>\n<h6 style=\"color: #FFFFFF\">Dietetyk<\/h6>\n<h4 style=\"color: #FFFFFF\">Rafa\u0142<\/h4>\n<p>                <img loading=\"lazy\" width=\"337\" height=\"469\" src=\"https:\/\/kh90football.com\/wp-content\/uploads\/2021\/01\/km.png\" alt=\"\" decoding=\"async\" srcset=\"https:\/\/kh90football.com\/wp-content\/uploads\/2021\/01\/km.png 337w, https:\/\/kh90football.com\/wp-content\/uploads\/2021\/01\/km-216x300.png 216w\" sizes=\"(max-width: 337px) 100vw, 337px\" \/>\t\t\t\t\t\t\t<\/p>\n<h6 style=\"color: #FFFFFF\">Trener przygotowania fizycznego<\/h6>\n<h4 style=\"color: #FFFFFF\">Krzysztof<\/h4>\n<p>                <img loading=\"lazy\" width=\"337\" height=\"469\" src=\"https:\/\/kh90football.com\/wp-content\/uploads\/2021\/02\/ma.png\" alt=\"\" decoding=\"async\" srcset=\"https:\/\/kh90football.com\/wp-content\/uploads\/2021\/02\/ma.png 337w, https:\/\/kh90football.com\/wp-content\/uploads\/2021\/02\/ma-216x300.png 216w\" sizes=\"(max-width: 337px) 100vw, 337px\" \/>\t\t\t\t\t\t\t<\/p>\n<h6 style=\"color: #FFFFFF\">Trener bramkarzy<\/h6>\n<h4 style=\"color: #FFFFFF\">Micha\u0142<\/h4>\n<p>                <img loading=\"lazy\" width=\"337\" height=\"469\" src=\"https:\/\/kh90football.com\/wp-content\/uploads\/2021\/01\/ma.png\" alt=\"\" decoding=\"async\" srcset=\"https:\/\/kh90football.com\/wp-content\/uploads\/2021\/01\/ma.png 337w, https:\/\/kh90football.com\/wp-content\/uploads\/2021\/01\/ma-216x300.png 216w\" sizes=\"(max-width: 337px) 100vw, 337px\" \/>\t\t\t\t\t\t\t<\/p>\n<h6 style=\"color: #FFFFFF\">Menad\u017cer<\/h6>\n<h4 style=\"color: #FFFFFF\">Luis<\/h4>\n<p>                <img loading=\"lazy\" width=\"337\" height=\"469\" src=\"https:\/\/kh90football.com\/wp-content\/uploads\/2021\/01\/ma.png\" alt=\"\" decoding=\"async\" srcset=\"https:\/\/kh90football.com\/wp-content\/uploads\/2021\/01\/ma.png 337w, https:\/\/kh90football.com\/wp-content\/uploads\/2021\/01\/ma-216x300.png 216w\" sizes=\"(max-width: 337px) 100vw, 337px\" \/>\t\t\t\t\t\t\t<\/p>\n<h6 style=\"color: #FFFFFF\">Trener &#8211; analityk<\/h6>\n<h4 style=\"color: #FFFFFF\">Krzysztof<\/h4>\n<p>                <img loading=\"lazy\" width=\"1920\" height=\"2560\" src=\"https:\/\/kh90football.com\/wp-content\/uploads\/2021\/07\/bo-scaled.jpg\" alt=\"\" decoding=\"async\" srcset=\"https:\/\/kh90football.com\/wp-content\/uploads\/2021\/07\/bo-scaled.jpg 1920w, https:\/\/kh90football.com\/wp-content\/uploads\/2021\/07\/bo-225x300.jpg 225w, https:\/\/kh90football.com\/wp-content\/uploads\/2021\/07\/bo-768x1024.jpg 768w, https:\/\/kh90football.com\/wp-content\/uploads\/2021\/07\/bo-1152x1536.jpg 1152w, https:\/\/kh90football.com\/wp-content\/uploads\/2021\/07\/bo-1536x2048.jpg 1536w\" sizes=\"(max-width: 1920px) 100vw, 1920px\" \/>\t\t\t\t\t\t\t<\/p>\n<h6 style=\"color: #FFFFFF\">Trener mentalny<\/h6>\n<h4 style=\"color: #FFFFFF\">Bart\u0142omiej<\/h4>\n<h1 >\n\t\t\t\t\t\t\t\tKONTAKT\t\t\t<\/h1>\n<p style=\"font-size: 18px;line-height: 27px;margin-top: 24px\">\n\t\t\t\tUM\u00d3W SIE NA TRENING\t\t\t<\/p>\n<p>KH90 Football<\/p>\n<p>tel. 572 288 202 (tylko WhatsApp)<\/p>\n<p>W celu wys\u0142ania wiadomo\u015bci prosimy o u\u017cywanie formularza!<\/p>\n<p role=\"status\" aria-live=\"polite\" aria-atomic=\"true\">\n<ul><\/ul>\n<form action=\"\/wp-admin\/admin-ajax.php#wpcf7-f1101-o3\" method=\"post\" novalidate=\"novalidate\" data-status=\"init\">\n<input type=\"hidden\" name=\"_wpcf7\" value=\"1101\" \/><br \/>\n<input type=\"hidden\" name=\"_wpcf7_version\" value=\"5.3.2\" \/><br \/>\n<input type=\"hidden\" name=\"_wpcf7_locale\" value=\"en_US\" \/><br \/>\n<input type=\"hidden\" name=\"_wpcf7_unit_tag\" value=\"wpcf7-f1101-o3\" \/><br \/>\n<input type=\"hidden\" name=\"_wpcf7_container_post\" value=\"0\" \/><br \/>\n<input type=\"hidden\" name=\"_wpcf7_posted_data_hash\" value=\"\" \/><br \/>\n<input type=\"hidden\" name=\"_wpcf7_recaptcha_response\" value=\"\" \/><br \/>\n<input type=\"text\" name=\"text-423\" value=\"\" size=\"40\" aria-invalid=\"false\" placeholder=\"Twoje imi\u0119\" \/><input type=\"email\" name=\"email-475\" value=\"\" size=\"40\" aria-invalid=\"false\" placeholder=\"Adres email\" \/><\/p>\n<p><input type=\"tel\" name=\"telefon\" value=\"\" size=\"40\" aria-invalid=\"false\" placeholder=\"Nr telefonu\" \/><br \/>\n<input type=\"text\" name=\"text-423\" value=\"\" size=\"40\" aria-invalid=\"false\" placeholder=\"Temat\" \/><br \/>\n<textarea name=\"textarea-372\" cols=\"40\" rows=\"10\" aria-invalid=\"false\" placeholder=\"Napisz co\u015b...\"><\/textarea><\/p>\n<p><button type=\"submit\">Wy\u015blij<\/button><\/p>\n<p style=\"display: none !important;\" data-prefix=\"_wpcf7_ak_\"><label>&#916;<textarea name=\"_wpcf7_ak_hp_textarea\" cols=\"45\" rows=\"8\" maxlength=\"100\"><\/textarea><\/label><input type=\"hidden\" id=\"ak_js_3\" name=\"_wpcf7_ak_js\" value=\"227\"\/><\/p>\n<\/form>\n","protected":false},"excerpt":{"rendered":"<p>KH90 Football &#8211; Coaching &amp; Management.&nbsp;Inwestycja w rozw\u00f3j m\u0142odzie\u017cy to droga do sportowego sukcesu od najm\u0142odszych lat. Z profesjonalnym wsparciem naszego zespo\u0142u m\u0142ody pi\u0142karz wyro\u015bnie na zawodowego sportowca! KH90 Football oferuje szerok\u0105 palet\u0119 trening\u00f3w indywidualnych, dostosowanych do wieku i sprawno\u015bci [&hellip;]<\/p>\n","protected":false},"author":1,"featured_media":0,"parent":0,"menu_order":0,"comment_status":"closed","ping_status":"closed","template":"full-width.php","meta":{"footnotes":""},"yoast_head":"<!-- This site is optimized with the Yoast SEO plugin v22.3 - https:\/\/yoast.com\/wordpress\/plugins\/seo\/ -->\n<title>O NAS - KH90 Football<\/title>\n<meta name=\"robots\" content=\"index, follow, max-snippet:-1, max-image-preview:large, max-video-preview:-1\" \/>\n<link rel=\"canonical\" href=\"https:\/\/kh90football.com\/index.php\/o-nas\/\" \/>\n<meta property=\"og:locale\" content=\"pl_PL\" \/>\n<meta property=\"og:type\" content=\"article\" \/>\n<meta property=\"og:title\" content=\"O NAS - KH90 Football\" \/>\n<meta property=\"og:description\" content=\"KH90 Football &#8211; Coaching &amp; Management.&nbsp;Inwestycja w rozw\u00f3j m\u0142odzie\u017cy to droga do sportowego sukcesu od najm\u0142odszych lat. Z profesjonalnym wsparciem naszego zespo\u0142u m\u0142ody pi\u0142karz wyro\u015bnie na zawodowego sportowca! KH90 Football oferuje szerok\u0105 palet\u0119 trening\u00f3w indywidualnych, dostosowanych do wieku i sprawno\u015bci [&hellip;]\" \/>\n<meta property=\"og:url\" content=\"https:\/\/kh90football.com\/index.php\/o-nas\/\" \/>\n<meta property=\"og:site_name\" content=\"KH90 Football\" \/>\n<meta property=\"article:modified_time\" content=\"2026-01-09T07:47:13+00:00\" \/>\n<meta property=\"og:image\" content=\"https:\/\/kh90football.com\/wp-content\/uploads\/2021\/02\/1-1-1024x853.jpg\" \/>\n<meta name=\"twitter:card\" content=\"summary_large_image\" \/>\n<meta name=\"twitter:label1\" content=\"Szacowany czas czytania\" \/>\n\t<meta name=\"twitter:data1\" content=\"4 minuty\" \/>\n<script type=\"application\/ld+json\" class=\"yoast-schema-graph\">{\"@context\":\"https:\/\/schema.org\",\"@graph\":[{\"@type\":\"WebPage\",\"@id\":\"https:\/\/kh90football.com\/index.php\/o-nas\/\",\"url\":\"https:\/\/kh90football.com\/index.php\/o-nas\/\",\"name\":\"O NAS - KH90 Football\",\"isPartOf\":{\"@id\":\"https:\/\/kh90football.com\/#website\"},\"primaryImageOfPage\":{\"@id\":\"https:\/\/kh90football.com\/index.php\/o-nas\/#primaryimage\"},\"image\":{\"@id\":\"https:\/\/kh90football.com\/index.php\/o-nas\/#primaryimage\"},\"thumbnailUrl\":\"https:\/\/kh90football.com\/wp-content\/uploads\/2021\/02\/1-1-1024x853.jpg\",\"datePublished\":\"2020-06-17T08:02:57+00:00\",\"dateModified\":\"2026-01-09T07:47:13+00:00\",\"breadcrumb\":{\"@id\":\"https:\/\/kh90football.com\/index.php\/o-nas\/#breadcrumb\"},\"inLanguage\":\"pl-PL\",\"potentialAction\":[{\"@type\":\"ReadAction\",\"target\":[\"https:\/\/kh90football.com\/index.php\/o-nas\/\"]}]},{\"@type\":\"ImageObject\",\"inLanguage\":\"pl-PL\",\"@id\":\"https:\/\/kh90football.com\/index.php\/o-nas\/#primaryimage\",\"url\":\"https:\/\/kh90football.com\/wp-content\/uploads\/2021\/02\/1-1.jpg\",\"contentUrl\":\"https:\/\/kh90football.com\/wp-content\/uploads\/2021\/02\/1-1.jpg\",\"width\":1200,\"height\":1000},{\"@type\":\"BreadcrumbList\",\"@id\":\"https:\/\/kh90football.com\/index.php\/o-nas\/#breadcrumb\",\"itemListElement\":[{\"@type\":\"ListItem\",\"position\":1,\"name\":\"Strona g\u0142\u00f3wna\",\"item\":\"https:\/\/kh90football.com\/\"},{\"@type\":\"ListItem\",\"position\":2,\"name\":\"O NAS\"}]},{\"@type\":\"WebSite\",\"@id\":\"https:\/\/kh90football.com\/#website\",\"url\":\"https:\/\/kh90football.com\/\",\"name\":\"KH90 Football\",\"description\":\"Coaching &amp; Management\",\"potentialAction\":[{\"@type\":\"SearchAction\",\"target\":{\"@type\":\"EntryPoint\",\"urlTemplate\":\"https:\/\/kh90football.com\/?s={search_term_string}\"},\"query-input\":\"required name=search_term_string\"}],\"inLanguage\":\"pl-PL\"}]}<\/script>\n<!-- \/ Yoast SEO plugin. -->","yoast_head_json":{"title":"O NAS - KH90 Football","robots":{"index":"index","follow":"follow","max-snippet":"max-snippet:-1","max-image-preview":"max-image-preview:large","max-video-preview":"max-video-preview:-1"},"canonical":"https:\/\/kh90football.com\/index.php\/o-nas\/","og_locale":"pl_PL","og_type":"article","og_title":"O NAS - KH90 Football","og_description":"KH90 Football &#8211; Coaching &amp; Management.&nbsp;Inwestycja w rozw\u00f3j m\u0142odzie\u017cy to droga do sportowego sukcesu od najm\u0142odszych lat. Z profesjonalnym wsparciem naszego zespo\u0142u m\u0142ody pi\u0142karz wyro\u015bnie na zawodowego sportowca! KH90 Football oferuje szerok\u0105 palet\u0119 trening\u00f3w indywidualnych, dostosowanych do wieku i sprawno\u015bci [&hellip;]","og_url":"https:\/\/kh90football.com\/index.php\/o-nas\/","og_site_name":"KH90 Football","article_modified_time":"2026-01-09T07:47:13+00:00","og_image":[{"url":"https:\/\/kh90football.com\/wp-content\/uploads\/2021\/02\/1-1-1024x853.jpg"}],"twitter_card":"summary_large_image","twitter_misc":{"Szacowany czas czytania":"4 minuty"},"schema":{"@context":"https:\/\/schema.org","@graph":[{"@type":"WebPage","@id":"https:\/\/kh90football.com\/index.php\/o-nas\/","url":"https:\/\/kh90football.com\/index.php\/o-nas\/","name":"O NAS - KH90 Football","isPartOf":{"@id":"https:\/\/kh90football.com\/#website"},"primaryImageOfPage":{"@id":"https:\/\/kh90football.com\/index.php\/o-nas\/#primaryimage"},"image":{"@id":"https:\/\/kh90football.com\/index.php\/o-nas\/#primaryimage"},"thumbnailUrl":"https:\/\/kh90football.com\/wp-content\/uploads\/2021\/02\/1-1-1024x853.jpg","datePublished":"2020-06-17T08:02:57+00:00","dateModified":"2026-01-09T07:47:13+00:00","breadcrumb":{"@id":"https:\/\/kh90football.com\/index.php\/o-nas\/#breadcrumb"},"inLanguage":"pl-PL","potentialAction":[{"@type":"ReadAction","target":["https:\/\/kh90football.com\/index.php\/o-nas\/"]}]},{"@type":"ImageObject","inLanguage":"pl-PL","@id":"https:\/\/kh90football.com\/index.php\/o-nas\/#primaryimage","url":"https:\/\/kh90football.com\/wp-content\/uploads\/2021\/02\/1-1.jpg","contentUrl":"https:\/\/kh90football.com\/wp-content\/uploads\/2021\/02\/1-1.jpg","width":1200,"height":1000},{"@type":"BreadcrumbList","@id":"https:\/\/kh90football.com\/index.php\/o-nas\/#breadcrumb","itemListElement":[{"@type":"ListItem","position":1,"name":"Strona g\u0142\u00f3wna","item":"https:\/\/kh90football.com\/"},{"@type":"ListItem","position":2,"name":"O NAS"}]},{"@type":"WebSite","@id":"https:\/\/kh90football.com\/#website","url":"https:\/\/kh90football.com\/","name":"KH90 Football","description":"Coaching &amp; Management","potentialAction":[{"@type":"SearchAction","target":{"@type":"EntryPoint","urlTemplate":"https:\/\/kh90football.com\/?s={search_term_string}"},"query-input":"required name=search_term_string"}],"inLanguage":"pl-PL"}]}},"_links":{"self":[{"href":"https:\/\/kh90football.com\/index.php\/wp-json\/wp\/v2\/pages\/3787"}],"collection":[{"href":"https:\/\/kh90football.com\/index.php\/wp-json\/wp\/v2\/pages"}],"about":[{"href":"https:\/\/kh90football.com\/index.php\/wp-json\/wp\/v2\/types\/page"}],"author":[{"embeddable":true,"href":"https:\/\/kh90football.com\/index.php\/wp-json\/wp\/v2\/users\/1"}],"replies":[{"embeddable":true,"href":"https:\/\/kh90football.com\/index.php\/wp-json\/wp\/v2\/comments?post=3787"}],"version-history":[{"count":53,"href":"https:\/\/kh90football.com\/index.php\/wp-json\/wp\/v2\/pages\/3787\/revisions"}],"predecessor-version":[{"id":6576,"href":"https:\/\/kh90football.com\/index.php\/wp-json\/wp\/v2\/pages\/3787\/revisions\/6576"}],"wp:attachment":[{"href":"https:\/\/kh90football.com\/index.php\/wp-json\/wp\/v2\/media?parent=3787"}],"curies":[{"name":"wp","href":"https:\/\/api.w.org\/{rel}","templated":true}]}}